{"id":1393,"date":"2022-07-13T13:03:40","date_gmt":"2022-07-13T13:03:40","guid":{"rendered":"http:\/\/virtual.uncaus.edu.ar\/?page_id=1393"},"modified":"2026-03-13T11:53:06","modified_gmt":"2026-03-13T11:53:06","slug":"cursos-2","status":"publish","type":"page","link":"https:\/\/virtual.uncaus.edu.ar\/index.php\/cursos-2\/","title":{"rendered":"Cursos"},"content":{"rendered":"\n<div class=\"wp-block-columns is-layout-flex wp-container-core-columns-is-layout-1 wp-block-columns-is-layout-flex\">\n<div class=\"wp-block-column is-layout-flow wp-block-column-is-layout-flow\">\n<h2 class=\"wp-block-heading has-text-align-center has-large-font-size\" style=\"text-transform:capitalize\">Tecnolog\u00eda de Control industrial<\/h2>\n\n\n\n<figure class=\"wp-block-image size-large\"><a href=\"https:\/\/virtual.uncaus.edu.ar\/index.php\/2019\/09\/06\/tecnologias-de-control-industrial\/\" target=\"_blank\" rel=\"noopener\"><img decoding=\"async\" src=\"https:\/\/virtual.uncaus.edu.ar\/wp-content\/uploads\/2025\/11\/web-tecnologia-de-control-industrial.jpg\" alt=\"\"\/><\/a><\/figure>\n\n\n\n<p><\/p>\n<\/div>\n\n\n\n<div class=\"wp-block-column is-layout-flow wp-block-column-is-layout-flow\">\n<h2 class=\"wp-block-heading has-text-align-center has-large-font-size\" style=\"text-transform:capitalize\">Suplementaci\u00f3n Deportiva<\/h2>\n\n\n\n<figure class=\"wp-block-image size-large\"><a href=\"https:\/\/virtual.uncaus.edu.ar\/index.php\/2019\/09\/06\/suplementacion-deportiva\/\" target=\"_blank\" rel=\"noopener\"><img decoding=\"async\" src=\"https:\/\/virtual.uncaus.edu.ar\/wp-content\/uploads\/2025\/11\/web-suplementacion-deportiva.jpg\" alt=\"\"\/><\/a><\/figure>\n\n\n\n<p><\/p>\n<\/div>\n<\/div>\n\n\n\n<div class=\"wp-block-columns is-layout-flex wp-container-core-columns-is-layout-2 wp-block-columns-is-layout-flex\">\n<div class=\"wp-block-column is-layout-flow wp-block-column-is-layout-flow\">\n<h2 class=\"wp-block-heading has-text-align-center has-large-font-size\" style=\"text-transform:capitalize\">Educaci\u00f3n y Psicoan\u00e1lisis<\/h2>\n\n\n\n<figure class=\"wp-block-image size-large\"><a href=\"https:\/\/virtual.uncaus.edu.ar\/index.php\/2019\/07\/10\/educacion-y-psicoanalisis\/\" target=\"_blank\" rel=\"noopener\"><img decoding=\"async\" src=\"https:\/\/virtual.uncaus.edu.ar\/wp-content\/uploads\/2025\/11\/web-educacion-y-psicoanalisis.jpg\" alt=\"\"\/><\/a><\/figure>\n\n\n\n<p><\/p>\n<\/div>\n\n\n\n<div class=\"wp-block-column is-layout-flow wp-block-column-is-layout-flow\">\n<h2 class=\"wp-block-heading has-text-align-center has-large-font-size\" style=\"text-transform:capitalize\">Taller T\u00e9cnicas de estudio<\/h2>\n\n\n\n<figure class=\"wp-block-image size-full\"><a href=\"https:\/\/virtual.uncaus.edu.ar\/index.php\/2018\/09\/17\/taller-tecnicas-de-estudio\/\" target=\"_blank\" rel=\"noopener\"><img loading=\"lazy\" decoding=\"async\" width=\"768\" height=\"222\" src=\"https:\/\/virtual.uncaus.edu.ar\/wp-content\/uploads\/2025\/05\/tecnicas-de-estudios.jpg\" alt=\"\" class=\"wp-image-2525\" srcset=\"https:\/\/virtual.uncaus.edu.ar\/wp-content\/uploads\/2025\/05\/tecnicas-de-estudios.jpg 768w, https:\/\/virtual.uncaus.edu.ar\/wp-content\/uploads\/2025\/05\/tecnicas-de-estudios-300x87.jpg 300w\" sizes=\"(max-width: 768px) 100vw, 768px\" \/><\/a><\/figure>\n\n\n\n<p><\/p>\n<\/div>\n<\/div>\n\n\n\n<div class=\"wp-block-columns is-layout-flex wp-container-core-columns-is-layout-3 wp-block-columns-is-layout-flex\">\n<div class=\"wp-block-column is-layout-flow wp-block-column-is-layout-flow\">\n<h2 class=\"wp-block-heading has-text-align-center has-large-font-size\" style=\"text-transform:capitalize\">Instalaci\u00f3n el\u00e9ctrica en inmuebles<\/h2>\n\n\n\n<figure class=\"wp-block-image size-large\"><a href=\"https:\/\/virtual.uncaus.edu.ar\/index.php\/2017\/11\/23\/instalacion-electrica-en-inmueble\/\"><img decoding=\"async\" src=\"https:\/\/virtual.uncaus.edu.ar\/wp-content\/uploads\/2025\/11\/web-instalacion-electrica-en-inmuebles.jpg\" alt=\"\"\/><\/a><\/figure>\n\n\n\n<p><\/p>\n<\/div>\n\n\n\n<div class=\"wp-block-column is-layout-flow wp-block-column-is-layout-flow\">\n<h2 class=\"wp-block-heading has-text-align-center has-large-font-size\" style=\"text-transform:capitalize\">Inform\u00e1tica B\u00e1sica<\/h2>\n\n\n\n<figure class=\"wp-block-image size-large\"><a href=\"https:\/\/virtual.uncaus.edu.ar\/index.php\/2017\/11\/23\/informatica-basica\/\"><img decoding=\"async\" src=\"https:\/\/virtual.uncaus.edu.ar\/wp-content\/uploads\/2025\/11\/web-informatica-basica.jpg\" alt=\"\"\/><\/a><\/figure>\n\n\n\n<p><\/p>\n<\/div>\n<\/div>\n\n\n\n<div class=\"wp-block-columns is-layout-flex wp-container-core-columns-is-layout-4 wp-block-columns-is-layout-flex\">\n<div class=\"wp-block-column is-layout-flow wp-block-column-is-layout-flow\">\n<p><\/p>\n\n\n\n<h2 class=\"wp-block-heading has-text-align-center has-large-font-size\" style=\"text-transform:capitalize\">Alimentaci\u00f3n nutrici\u00f3n y deporte<\/h2>\n\n\n\n<figure class=\"wp-block-image size-large\"><a href=\"https:\/\/virtual.uncaus.edu.ar\/index.php\/2000\/02\/14\/alimentacion-nutricion-y-deporte\/\"><img decoding=\"async\" src=\"https:\/\/virtual.uncaus.edu.ar\/wp-content\/uploads\/2025\/11\/web-Alimentacion-nutricion-y-deportes.jpg\" alt=\"\"\/><\/a><\/figure>\n<\/div>\n\n\n\n<div class=\"wp-block-column is-layout-flow wp-block-column-is-layout-flow\">\n<h2 class=\"wp-block-heading has-text-align-center has-large-font-size\" style=\"text-transform:capitalize\">Habilidades emocionales y liderazgo<\/h2>\n\n\n\n<figure class=\"wp-block-image size-large\"><a href=\"https:\/\/virtual.uncaus.edu.ar\/index.php\/2000\/07\/11\/habilidades-emocionales-y-liderazgo\/\"><img decoding=\"async\" src=\"https:\/\/virtual.uncaus.edu.ar\/wp-content\/uploads\/2025\/11\/web-Capacitacion-en-habilidades-emocionales-y-lid.jpg\" alt=\"\"\/><\/a><\/figure>\n\n\n\n<p><\/p>\n\n\n\n<p><\/p>\n<\/div>\n<\/div>\n\n\n\n<div class=\"wp-block-columns is-layout-flex wp-container-core-columns-is-layout-5 wp-block-columns-is-layout-flex\">\n<div class=\"wp-block-column is-layout-flow wp-block-column-is-layout-flow\">\n<p><\/p>\n\n\n\n<h2 class=\"wp-block-heading has-text-align-center has-large-font-size\" style=\"text-transform:capitalize\">Pr\u00e1ctica tributaria y obligaciones formales en la peque\u00f1a y mediana empresa<\/h2>\n\n\n\n<figure class=\"wp-block-gallery has-nested-images columns-default is-cropped wp-block-gallery-1 is-layout-flex wp-block-gallery-is-layout-flex\">\n<figure class=\"wp-block-image size-large\"><a href=\"https:\/\/virtual.uncaus.edu.ar\/index.php\/2000\/11\/23\/practica-tributaria-y-obligaciones-formales-en-la-pequena-y-mediana-empresa\/\" target=\"_blank\" rel=\"noopener\"><img decoding=\"async\" src=\"https:\/\/virtual.uncaus.edu.ar\/wp-content\/uploads\/2025\/11\/web-practica-tirbutaria.jpg\" alt=\"\"\/><\/a><\/figure>\n<\/figure>\n<\/div>\n\n\n\n<div class=\"wp-block-column is-layout-flow wp-block-column-is-layout-flow\">\n<p><\/p>\n\n\n\n<h2 class=\"wp-block-heading has-text-align-center has-large-font-size\" style=\"text-transform:capitalize\">Creaci\u00f3n de contenido Digital<\/h2>\n\n\n\n<figure class=\"wp-block-gallery has-nested-images columns-default is-cropped wp-block-gallery-2 is-layout-flex wp-block-gallery-is-layout-flex\">\n<figure class=\"wp-block-image size-large\"><a href=\"https:\/\/virtual.uncaus.edu.ar\/index.php\/2024\/09\/11\/creacion-de-contenido-digital\/\" target=\"_blank\" rel=\"noopener\"><img decoding=\"async\" src=\"https:\/\/virtual.uncaus.edu.ar\/wp-content\/uploads\/2025\/11\/web-creacion-de-contenido-digital.jpg\" alt=\"\"\/><\/a><\/figure>\n<\/figure>\n<\/div>\n<\/div>\n\n\n\n<div class=\"wp-block-columns is-layout-flex wp-container-core-columns-is-layout-6 wp-block-columns-is-layout-flex\">\n<div class=\"wp-block-column is-layout-flow wp-block-column-is-layout-flow\">\n<p><\/p>\n\n\n\n<h2 class=\"wp-block-heading has-text-align-center has-large-font-size\" style=\"text-transform:capitalize\">Dise\u00f1o Gr\u00e1fico para Redes Sociales<\/h2>\n\n\n\n<figure class=\"wp-block-gallery has-nested-images columns-default is-cropped wp-block-gallery-3 is-layout-flex wp-block-gallery-is-layout-flex\">\n<figure class=\"wp-block-image size-full\"><a href=\"https:\/\/virtual.uncaus.edu.ar\/index.php\/2026\/03\/13\/diseno-grafico-para-redes-sociales\/\" target=\"_blank\" rel=\"noopener\"><img loading=\"lazy\" decoding=\"async\" width=\"960\" height=\"324\" src=\"https:\/\/virtual.uncaus.edu.ar\/wp-content\/uploads\/2026\/03\/CURSOS-WEB-DISENO-DE-CONTENIDOS.jpg\" alt=\"\" class=\"wp-image-2621\" srcset=\"https:\/\/virtual.uncaus.edu.ar\/wp-content\/uploads\/2026\/03\/CURSOS-WEB-DISENO-DE-CONTENIDOS.jpg 960w, https:\/\/virtual.uncaus.edu.ar\/wp-content\/uploads\/2026\/03\/CURSOS-WEB-DISENO-DE-CONTENIDOS-300x101.jpg 300w, https:\/\/virtual.uncaus.edu.ar\/wp-content\/uploads\/2026\/03\/CURSOS-WEB-DISENO-DE-CONTENIDOS-768x259.jpg 768w\" sizes=\"(max-width: 960px) 100vw, 960px\" \/><\/a><\/figure>\n<\/figure>\n<\/div>\n\n\n\n<div class=\"wp-block-column is-layout-flow wp-block-column-is-layout-flow\">\n<p><\/p>\n\n\n\n<h2 class=\"wp-block-heading has-text-align-center has-large-font-size\" style=\"text-transform:capitalize\"><\/h2>\n\n\n\n<figure class=\"wp-block-gallery has-nested-images columns-default is-cropped wp-block-gallery-4 is-layout-flex wp-block-gallery-is-layout-flex\"><\/figure>\n<\/div>\n<\/div>\n\n\n\n<p><\/p>\n","protected":false},"excerpt":{"rendered":"<p>Tecnolog\u00eda de Control industrial Suplementaci\u00f3n Deportiva Educaci\u00f3n y Psicoan\u00e1lisis Taller T\u00e9cnicas de estudio Instalaci\u00f3n el\u00e9ctrica en inmuebles Inform\u00e1tica B\u00e1sica Alimentaci\u00f3n nutrici\u00f3n y deporte Habilidades emocionales y liderazgo Pr\u00e1ctica tributaria y obligaciones formales en la peque\u00f1a y mediana empresa Creaci\u00f3n de<\/p>\n","protected":false},"author":3,"featured_media":0,"parent":0,"menu_order":0,"comment_status":"closed","ping_status":"closed","template":"","meta":{"footnotes":""},"class_list":["post-1393","page","type-page","status-publish","hentry"],"_links":{"self":[{"href":"https:\/\/virtual.uncaus.edu.ar\/index.php\/wp-json\/wp\/v2\/pages\/1393"}],"collection":[{"href":"https:\/\/virtual.uncaus.edu.ar\/index.php\/wp-json\/wp\/v2\/pages"}],"about":[{"href":"https:\/\/virtual.uncaus.edu.ar\/index.php\/wp-json\/wp\/v2\/types\/page"}],"author":[{"embeddable":true,"href":"https:\/\/virtual.uncaus.edu.ar\/index.php\/wp-json\/wp\/v2\/users\/3"}],"replies":[{"embeddable":true,"href":"https:\/\/virtual.uncaus.edu.ar\/index.php\/wp-json\/wp\/v2\/comments?post=1393"}],"version-history":[{"count":54,"href":"https:\/\/virtual.uncaus.edu.ar\/index.php\/wp-json\/wp\/v2\/pages\/1393\/revisions"}],"predecessor-version":[{"id":2624,"href":"https:\/\/virtual.uncaus.edu.ar\/index.php\/wp-json\/wp\/v2\/pages\/1393\/revisions\/2624"}],"wp:attachment":[{"href":"https:\/\/virtual.uncaus.edu.ar\/index.php\/wp-json\/wp\/v2\/media?parent=1393"}],"curies":[{"name":"wp","href":"https:\/\/api.w.org\/{rel}","templated":true}]}}