{"id":1444,"date":"2022-10-31T13:25:30","date_gmt":"2022-10-31T13:25:30","guid":{"rendered":"http:\/\/virtual.uncaus.edu.ar\/?page_id=1444"},"modified":"2023-08-25T11:58:37","modified_gmt":"2023-08-25T11:58:37","slug":"plan-de-estudio-lic-en-tratamiento-y-seg-penitenciaria","status":"publish","type":"page","link":"https:\/\/virtual.uncaus.edu.ar\/index.php\/plan-de-estudio-lic-en-tratamiento-y-seg-penitenciaria\/","title":{"rendered":"Plan de Estudio &#8211; Lic en Tratamiento y Seg Penitenciaria"},"content":{"rendered":"\n<div class=\"wp-block-columns is-layout-flex wp-container-core-columns-is-layout-1 wp-block-columns-is-layout-flex\">\n<div class=\"wp-block-column is-layout-flow wp-block-column-is-layout-flow\">\n<h2 class=\"has-black-color has-text-color wp-block-heading\">1\u00ba A\u00f1o<\/h2>\n\n\n\n<hr class=\"wp-block-separator is-style-wide\"\/>\n\n\n\n<ul class=\"wp-block-list\"><li><a href=\"https:\/\/virtual.uncaus.edu.ar\/wp-content\/uploads\/2022\/10\/Res.-N\u00b0-076-22-CDCSyH-Derecho-Constitucional-Lic.-en-Tratamiento-y-Seg.-Penitenciaria-CCC.pdf\" target=\"_blank\" rel=\"noreferrer noopener\">Derecho Constitucional<\/a> <\/li><li><a href=\"https:\/\/virtual.uncaus.edu.ar\/wp-content\/uploads\/2022\/10\/Res.-N\u00b0-075-22-CDCSyH-Teoria-de-las-Organizaciones-y-Gestion-Institucional-Lic.-en-Tratamiento-y-Seg.-Penitenciaria-CCC.pdf\" target=\"_blank\" rel=\"noreferrer noopener\">Teor\u00eda De Las Organizaciones Y Gesti\u00f3n Institucional<\/a><\/li><li>Taller de Producci\u00f3n Escrita y Expresi\u00f3n Ora<\/li><li><a href=\"https:\/\/virtual.uncaus.edu.ar\/wp-content\/uploads\/2022\/10\/Res.-N\u00b0-065-22-CDCSyH-Seminario-de-Proyecto-I-Lic.-en-Tratam.-y-Seguridad-Penitenciaria-CCC.pdf\" target=\"_blank\" rel=\"noreferrer noopener\">Seminario de Proyecto I<\/a><\/li><li>Ejecuci\u00f3n Penal y Pol\u00edticas Penitenciarias<\/li><li>Seguridad Penitenciaria<\/li><li>Deontolog\u00eda Profesional<\/li><li>Medicina Legal<\/li><\/ul>\n<\/div>\n\n\n\n<div class=\"wp-block-column is-layout-flow wp-block-column-is-layout-flow\">\n<h2 class=\"wp-block-heading\">2\u00ba A\u00f1o<\/h2>\n\n\n\n<hr class=\"wp-block-separator is-style-wide\"\/>\n\n\n\n<ul class=\"wp-block-list\"><li>Ciencias Penales y Criminol\u00f3gicas <\/li><li>Metodolog\u00eda de la Investigaci\u00f3n<\/li><li>Tratamiento y Reinserci\u00f3n Social<\/li><li>Seminario-Taller de Proyecto II<\/li><li><a href=\"https:\/\/virtual.uncaus.edu.ar\/wp-content\/uploads\/2022\/10\/Seguridad-Informatica-y-Tecnologica-Reso-67-19-C.D.C.S.-Y-H.-Lic.-en-Trat.-y-Seg.-Penitenciaria.pdf\" target=\"_blank\" rel=\"noreferrer noopener\">Seguridad Inform\u00e1tica y Tecnol\u00f3gica<\/a><\/li><li>Gesti\u00f3n Administrativa y Contable<\/li><li><a href=\"https:\/\/virtual.uncaus.edu.ar\/wp-content\/uploads\/2022\/10\/Historia-General-del-Chaco-Reso-68-19-C.D.C.S.-Y-H.-Lic.-en-Trat.-y-Seg.-Penitenciaria.pdf\" target=\"_blank\" rel=\"noreferrer noopener\">Historia General del Chaco<\/a><\/li><li>Psicosociolog\u00eda de la Vulnerabilidad en Contexto de Encierro<\/li><\/ul>\n<\/div>\n\n\n\n<div class=\"wp-block-column is-layout-flow wp-block-column-is-layout-flow\">\n<h2 class=\"wp-block-heading\">3\u00ba A\u00f1o<\/h2>\n\n\n\n<hr class=\"wp-block-separator is-style-wide\"\/>\n\n\n\n<ul class=\"wp-block-list\"><li>Tesina<\/li><\/ul>\n<\/div>\n<\/div>\n","protected":false},"excerpt":{"rendered":"<p>1\u00ba A\u00f1o Derecho Constitucional Teor\u00eda De Las Organizaciones Y Gesti\u00f3n Institucional Taller de Producci\u00f3n Escrita y Expresi\u00f3n Ora Seminario de Proyecto I Ejecuci\u00f3n Penal y Pol\u00edticas Penitenciarias Seguridad Penitenciaria Deontolog\u00eda Profesional Medicina Legal 2\u00ba A\u00f1o Ciencias Penales y Criminol\u00f3gicas Metodolog\u00eda<\/p>\n","protected":false},"author":3,"featured_media":0,"parent":0,"menu_order":0,"comment_status":"closed","ping_status":"closed","template":"","meta":{"footnotes":""},"class_list":["post-1444","page","type-page","status-publish","hentry"],"_links":{"self":[{"href":"https:\/\/virtual.uncaus.edu.ar\/index.php\/wp-json\/wp\/v2\/pages\/1444"}],"collection":[{"href":"https:\/\/virtual.uncaus.edu.ar\/index.php\/wp-json\/wp\/v2\/pages"}],"about":[{"href":"https:\/\/virtual.uncaus.edu.ar\/index.php\/wp-json\/wp\/v2\/types\/page"}],"author":[{"embeddable":true,"href":"https:\/\/virtual.uncaus.edu.ar\/index.php\/wp-json\/wp\/v2\/users\/3"}],"replies":[{"embeddable":true,"href":"https:\/\/virtual.uncaus.edu.ar\/index.php\/wp-json\/wp\/v2\/comments?post=1444"}],"version-history":[{"count":9,"href":"https:\/\/virtual.uncaus.edu.ar\/index.php\/wp-json\/wp\/v2\/pages\/1444\/revisions"}],"predecessor-version":[{"id":1763,"href":"https:\/\/virtual.uncaus.edu.ar\/index.php\/wp-json\/wp\/v2\/pages\/1444\/revisions\/1763"}],"wp:attachment":[{"href":"https:\/\/virtual.uncaus.edu.ar\/index.php\/wp-json\/wp\/v2\/media?parent=1444"}],"curies":[{"name":"wp","href":"https:\/\/api.w.org\/{rel}","templated":true}]}}