{"id":1459,"date":"2022-10-31T14:27:01","date_gmt":"2022-10-31T14:27:01","guid":{"rendered":"http:\/\/virtual.uncaus.edu.ar\/?page_id=1459"},"modified":"2023-08-25T11:58:42","modified_gmt":"2023-08-25T11:58:42","slug":"plan-de-estudio-licenciatura-en-administracion","status":"publish","type":"page","link":"https:\/\/virtual.uncaus.edu.ar\/index.php\/plan-de-estudio-licenciatura-en-administracion\/","title":{"rendered":"Plan de Estudio &#8211; Licenciatura en Administraci\u00f3n"},"content":{"rendered":"\n<div class=\"wp-block-columns is-layout-flex wp-container-core-columns-is-layout-1 wp-block-columns-is-layout-flex\">\n<div class=\"wp-block-column is-layout-flow wp-block-column-is-layout-flow\">\n<h2 class=\"has-black-color has-text-color wp-block-heading\">1\u00ba A\u00f1o<\/h2>\n\n\n\n<hr class=\"wp-block-separator is-style-wide\"\/>\n\n\n\n<ul class=\"wp-block-list\"><li><a href=\"https:\/\/virtual.uncaus.edu.ar\/wp-content\/uploads\/2022\/10\/1-Sistemas-Contables-I-Reso-036-17-C.D.C.S.-y-H..pdf\">Siste<\/a><a href=\"https:\/\/virtual.uncaus.edu.ar\/wp-content\/uploads\/2022\/10\/1-Sistemas-Contables-I-Reso-036-17-C.D.C.S.-y-H..pdf\" target=\"_blank\" rel=\"noreferrer noopener\">mas Contables I<\/a><\/li><li><a href=\"https:\/\/virtual.uncaus.edu.ar\/wp-content\/uploads\/2022\/10\/2-Matematica-I-Reso-034-17-C.D.C.S.-y-H..pdf\" target=\"_blank\" rel=\"noreferrer noopener\">Matem\u00e1tica I<\/a><\/li><li><a href=\"https:\/\/virtual.uncaus.edu.ar\/wp-content\/uploads\/2022\/10\/3-Administracion-General-Reso-045-17-C.D.C.S.-y-H..pdf\" target=\"_blank\" rel=\"noreferrer noopener\">Administraci\u00f3n General<\/a><\/li><li><a href=\"https:\/\/virtual.uncaus.edu.ar\/wp-content\/uploads\/2022\/10\/4-Analisis-Economico-Reso-040-17-C.D.C.S.-y-H..pdf\" target=\"_blank\" rel=\"noreferrer noopener\">An\u00e1lisis Econ\u00f3mico<\/a><\/li><li><a href=\"https:\/\/virtual.uncaus.edu.ar\/wp-content\/uploads\/2022\/10\/5-Informatica-Reso-035-17-C.D.C.S.-y-H..pdf\" target=\"_blank\" rel=\"noreferrer noopener\">Inform\u00e1tica<\/a><\/li><li><a href=\"https:\/\/virtual.uncaus.edu.ar\/wp-content\/uploads\/2022\/10\/6-Matematica-II-Reso-037-17-C.D.C.S.-y-H..pdf\" target=\"_blank\" rel=\"noreferrer noopener\">Matem\u00e1tica II <\/a><\/li><li><a href=\"https:\/\/virtual.uncaus.edu.ar\/wp-content\/uploads\/2022\/10\/7-MODIFICACION-ANALISIS-MICROECONOMICO-Reso-129-20-Lic-en-Adm.pdf\" target=\"_blank\" rel=\"noreferrer noopener\">An\u00e1lisis Microecon\u00f3mico<\/a><\/li><\/ul>\n<\/div>\n\n\n\n<div class=\"wp-block-column is-layout-flow wp-block-column-is-layout-flow\">\n<h2 class=\"wp-block-heading\">2\u00ba A\u00f1o<\/h2>\n\n\n\n<hr class=\"wp-block-separator is-style-wide\"\/>\n\n\n\n<ul class=\"wp-block-list\"><li><a href=\"https:\/\/virtual.uncaus.edu.ar\/wp-content\/uploads\/2022\/10\/08-Sistemas-Contables-II-Modificacion-Rs141-20-CDCSyH-LIC.-A-DISTANCIA-2.pdf\" target=\"_blank\" rel=\"noreferrer noopener\">Sistemas Contables II <\/a><\/li><li><a href=\"https:\/\/virtual.uncaus.edu.ar\/wp-content\/uploads\/2022\/10\/9-Sistemas-Administrativos-Reso-049-17-C.D.C.S.-y-H..pdf\" target=\"_blank\" rel=\"noreferrer noopener\">Sistemas Administrativos<\/a><\/li><li><a href=\"https:\/\/virtual.uncaus.edu.ar\/wp-content\/uploads\/2022\/10\/10-MODIFICACION-INGLES-Reso-127-20-Lic-en-Adm.pdf\" target=\"_blank\" rel=\"noreferrer noopener\">Ingl\u00e9s<\/a><\/li><li><a href=\"https:\/\/virtual.uncaus.edu.ar\/wp-content\/uploads\/2022\/10\/11-Analisis-Macroeconomico-Reso-048-17-C.D.C.S.-y-H..pdf\" target=\"_blank\" rel=\"noreferrer noopener\">An\u00e1lisis Macroecon\u00f3mico<\/a><\/li><li><a href=\"https:\/\/virtual.uncaus.edu.ar\/wp-content\/uploads\/2022\/10\/12-MODIFICACION-Derecho-constitucional-y-derecho-administrativo-Reso-130-20-Lic-en-Adm.pdf\" target=\"_blank\" rel=\"noreferrer noopener\">Derecho Constitucional y Administrativo<\/a><\/li><li><a href=\"https:\/\/virtual.uncaus.edu.ar\/wp-content\/uploads\/2022\/10\/13-Probabilidad-y-Estadistica-Reso-050-17-C.D.C.S.-y-H..pdf\" target=\"_blank\" rel=\"noreferrer noopener\">Probabilidad y Estad\u00edstica<\/a><\/li><\/ul>\n<\/div>\n\n\n\n<div class=\"wp-block-column is-layout-flow wp-block-column-is-layout-flow\">\n<h2 class=\"wp-block-heading\">3\u00ba A\u00f1o<\/h2>\n\n\n\n<hr class=\"wp-block-separator is-style-wide\"\/>\n\n\n\n<ul class=\"wp-block-list\"><li><a href=\"https:\/\/virtual.uncaus.edu.ar\/wp-content\/uploads\/2022\/10\/14-Costos-Reso-033-17-C.D.C.S.-y-H..pdf\" target=\"_blank\" rel=\"noreferrer noopener\">Costos<\/a> <\/li><li><a href=\"https:\/\/virtual.uncaus.edu.ar\/wp-content\/uploads\/2022\/10\/15-MODIFICACION-Derecho-Civil-Reso-131-20-Lic-en-Adm.pdf\" target=\"_blank\" rel=\"noreferrer noopener\">Derecho Civil<\/a> <\/li><li><a href=\"https:\/\/virtual.uncaus.edu.ar\/wp-content\/uploads\/2022\/10\/16-Matematica-Financiera-Reso-043-17-C.D.C.S.-y-H..pdf\" target=\"_blank\" rel=\"noreferrer noopener\">Matem\u00e1tica Financiera<\/a> <\/li><li><a href=\"https:\/\/virtual.uncaus.edu.ar\/wp-content\/uploads\/2022\/10\/17-Re.-N-038-17-CDCSyH-DERECHO-COMERCIAL-.pdf\" target=\"_blank\" rel=\"noreferrer noopener\">Derecho Comercial<\/a> <\/li><li><a href=\"https:\/\/virtual.uncaus.edu.ar\/wp-content\/uploads\/2022\/10\/18-Finanzas-Publicas-Reso-046-17-C.D.C.S.-y-H..pdf\" target=\"_blank\" rel=\"noreferrer noopener\">Finanzas P\u00fablicas<\/a> <\/li><li><a href=\"https:\/\/virtual.uncaus.edu.ar\/wp-content\/uploads\/2022\/10\/19-Investigacion-Operativa-Reso-047-17-C.D.C.S.-y-H..pdf\" target=\"_blank\" rel=\"noreferrer noopener\">Investigaci\u00f3n Operativa<\/a> <\/li><li><a href=\"https:\/\/virtual.uncaus.edu.ar\/wp-content\/uploads\/2022\/10\/20-Teorias-de-la-Administracion-Reso-042-17-C.D.C.S.-y-H..pdf\" target=\"_blank\" rel=\"noreferrer noopener\">Teor\u00edas de la Administraci\u00f3n<\/a><\/li><\/ul>\n<\/div>\n<\/div>\n\n\n\n<div class=\"wp-block-columns is-layout-flex wp-container-core-columns-is-layout-2 wp-block-columns-is-layout-flex\">\n<div class=\"wp-block-column is-layout-flow wp-block-column-is-layout-flow\">\n<h2 class=\"has-black-color has-text-color wp-block-heading\">4\u00ba A\u00f1o<\/h2>\n\n\n\n<hr class=\"wp-block-separator is-style-wide\"\/>\n\n\n\n<ul class=\"wp-block-list\"><li><a href=\"https:\/\/virtual.uncaus.edu.ar\/wp-content\/uploads\/2022\/10\/21-Metodologia-de-la-Investigacion-Reso-60-19-C.D.C.S.-Y-H.-Lic.-en-Adm-A-Distancia.pdf\" target=\"_blank\" rel=\"noreferrer noopener\">Metodolog\u00eda de la Investigaci\u00f3n<\/a><\/li><li><a href=\"https:\/\/virtual.uncaus.edu.ar\/wp-content\/uploads\/2022\/10\/22-REGIMEN-TRIBUTARIO-PARA-ADMINISTRADORES-Reso-124-20-Lic-en-Adm.pdf\" target=\"_blank\" rel=\"noreferrer noopener\">R\u00e9gimen Tributario para Administradores<\/a><\/li><li><a href=\"https:\/\/virtual.uncaus.edu.ar\/wp-content\/uploads\/2022\/10\/23-Comportamiento-Organizacional-Reso-134-20-Lic-en-Adm.pdf\" target=\"_blank\" rel=\"noreferrer noopener\">Comportamiento Organizacional<\/a><\/li><li><a href=\"https:\/\/virtual.uncaus.edu.ar\/wp-content\/uploads\/2022\/10\/24-ADMINISTRACION-DE-RECURSOS-HUMANOS-Reso-123-20-Lic-en-Adm.pdf\" target=\"_blank\" rel=\"noreferrer noopener\">Administraci\u00f3n De Recursos Humanos<\/a><\/li><li><a href=\"https:\/\/virtual.uncaus.edu.ar\/wp-content\/uploads\/2022\/10\/26-Comercializacion-Reso-64-19-C.D.C.S.-Y-H.-Lic.-en-Adm-A-Distancia.pdf\" target=\"_blank\" rel=\"noreferrer noopener\">Comercializaci\u00f3n<\/a><\/li><li><a href=\"https:\/\/virtual.uncaus.edu.ar\/wp-content\/uploads\/2022\/10\/27-Derecho-Laboral-Reso-59-19-C.D.C.S.-Y-H.-Lic.-en-Adm-A-Distancia.pdf\" target=\"_blank\" rel=\"noreferrer noopener\">Derecho Laboral<\/a><\/li><li><a href=\"https:\/\/virtual.uncaus.edu.ar\/wp-content\/uploads\/2022\/10\/28-Administracion-Estrategica-y-Planeamiento-Administrativo-Reso-74-19-C.D.C.S.-Y-H.-Lic.-en-Adm-A-Distancia.pdf\" target=\"_blank\" rel=\"noreferrer noopener\">Administraci\u00f3n Estrat\u00e9gica y Planeamiento Administrativo<\/a><\/li><li><a rel=\"noreferrer noopener\" href=\"\" target=\"_blank\">Adm<\/a><a href=\"https:\/\/virtual.uncaus.edu.ar\/wp-content\/uploads\/2022\/10\/29-Administracion-de-Operaciones-Reso-57-19-C.D.C.S.-Y-H.-Lic.-en-Adm-A-Distancia.pdf\" target=\"_blank\" rel=\"noreferrer noopener\">inistraci\u00f3n de Operaciones<\/a><\/li><li><a href=\"https:\/\/virtual.uncaus.edu.ar\/wp-content\/uploads\/2022\/10\/30-Forma-Juridicas-de-las-Organizaciones-Reso-70-19-C.D.C.S.-Y-H.-Lic.-en-Adm-A-Distancia.pdf\" target=\"_blank\" rel=\"noreferrer noopener\">Formas Jur\u00eddicas de las Organizaciones<\/a><\/li><\/ul>\n<\/div>\n\n\n\n<div class=\"wp-block-column is-layout-flow wp-block-column-is-layout-flow\">\n<h2 class=\"wp-block-heading\">5\u00ba A\u00f1o<\/h2>\n\n\n\n<hr class=\"wp-block-separator is-style-wide\"\/>\n\n\n\n<ul class=\"wp-block-list\"><li><a href=\"https:\/\/virtual.uncaus.edu.ar\/wp-content\/uploads\/2022\/10\/31.-TALLER-DE-APOYO-al-trabajo-final-ress.pdf\" target=\"_blank\" rel=\"noreferrer noopener\">Taller de Apoyo al Trabajo Final<\/a><\/li><li><a href=\"https:\/\/virtual.uncaus.edu.ar\/wp-content\/uploads\/2022\/10\/32-ADMINISTRACION-DEL-SECTOR-PUBLICO-Reso-135-20-Lic-en-Adm.pdf\" target=\"_blank\" rel=\"noreferrer noopener\">Administraci\u00f3n del Sector P\u00fablico<\/a><\/li><li><a href=\"https:\/\/virtual.uncaus.edu.ar\/wp-content\/uploads\/2022\/10\/MODIF-Res.-No-093-21-CDCSyH-Direccion-de-Organizaciones.pdf\" target=\"_blank\" rel=\"noreferrer noopener\">Direcci\u00f3n de Organizaciones<\/a><\/li><li><a href=\"https:\/\/virtual.uncaus.edu.ar\/wp-content\/uploads\/2022\/10\/34.-pract-prof.-RESOLUCION-362-19-C.S.pdf\" target=\"_blank\" rel=\"noreferrer noopener\">Pr\u00e1ctica Profesional<\/a><\/li><li><a href=\"https:\/\/virtual.uncaus.edu.ar\/wp-content\/uploads\/2022\/10\/RES-No-139-20-REGLAMENTO-DE-TRABAJO-FINAL.pdf\" target=\"_blank\" rel=\"noreferrer noopener\">Trabajo Final <\/a><\/li><\/ul>\n<\/div>\n<\/div>\n","protected":false},"excerpt":{"rendered":"<p>1\u00ba A\u00f1o Sistemas Contables I Matem\u00e1tica I Administraci\u00f3n General An\u00e1lisis Econ\u00f3mico Inform\u00e1tica Matem\u00e1tica II An\u00e1lisis Microecon\u00f3mico 2\u00ba A\u00f1o Sistemas Contables II Sistemas Administrativos Ingl\u00e9s An\u00e1lisis Macroecon\u00f3mico Derecho Constitucional y Administrativo Probabilidad y Estad\u00edstica 3\u00ba A\u00f1o Costos Derecho Civil Matem\u00e1tica Financiera<\/p>\n","protected":false},"author":3,"featured_media":0,"parent":0,"menu_order":0,"comment_status":"closed","ping_status":"closed","template":"","meta":{"footnotes":""},"class_list":["post-1459","page","type-page","status-publish","hentry"],"_links":{"self":[{"href":"https:\/\/virtual.uncaus.edu.ar\/index.php\/wp-json\/wp\/v2\/pages\/1459"}],"collection":[{"href":"https:\/\/virtual.uncaus.edu.ar\/index.php\/wp-json\/wp\/v2\/pages"}],"about":[{"href":"https:\/\/virtual.uncaus.edu.ar\/index.php\/wp-json\/wp\/v2\/types\/page"}],"author":[{"embeddable":true,"href":"https:\/\/virtual.uncaus.edu.ar\/index.php\/wp-json\/wp\/v2\/users\/3"}],"replies":[{"embeddable":true,"href":"https:\/\/virtual.uncaus.edu.ar\/index.php\/wp-json\/wp\/v2\/comments?post=1459"}],"version-history":[{"count":3,"href":"https:\/\/virtual.uncaus.edu.ar\/index.php\/wp-json\/wp\/v2\/pages\/1459\/revisions"}],"predecessor-version":[{"id":1831,"href":"https:\/\/virtual.uncaus.edu.ar\/index.php\/wp-json\/wp\/v2\/pages\/1459\/revisions\/1831"}],"wp:attachment":[{"href":"https:\/\/virtual.uncaus.edu.ar\/index.php\/wp-json\/wp\/v2\/media?parent=1459"}],"curies":[{"name":"wp","href":"https:\/\/api.w.org\/{rel}","templated":true}]}}