{"id":1462,"date":"2022-10-31T13:45:15","date_gmt":"2022-10-31T13:45:15","guid":{"rendered":"http:\/\/virtual.uncaus.edu.ar\/?page_id=1462"},"modified":"2023-08-25T11:57:18","modified_gmt":"2023-08-25T11:57:18","slug":"plan-de-estudio-lic-en-seguridad-publica-y-ciudadana","status":"publish","type":"page","link":"https:\/\/virtual.uncaus.edu.ar\/index.php\/plan-de-estudio-lic-en-seguridad-publica-y-ciudadana\/","title":{"rendered":"Plan de Estudio &#8211; Lic en Seguridad P\u00fablica y Ciudadana"},"content":{"rendered":"\n<div class=\"wp-block-columns is-layout-flex wp-container-core-columns-is-layout-1 wp-block-columns-is-layout-flex\">\n<div class=\"wp-block-column is-layout-flow wp-block-column-is-layout-flow\">\n<h2 class=\"has-black-color has-text-color wp-block-heading\">1\u00ba A\u00f1o<\/h2>\n\n\n\n<hr class=\"wp-block-separator is-style-wide\"\/>\n\n\n\n<ul class=\"wp-block-list\"><li><a href=\"https:\/\/virtual.uncaus.edu.ar\/wp-content\/uploads\/2022\/10\/01-Historia-Economica-y-Social-de-la-Argentina-Reso-52-19-C.D.C.S.-Y-H.-Lic.-en-Seg.-Publica-y-Ciudadana_compressed.pdf\" target=\"_blank\" rel=\"noreferrer noopener\">Historia Econ\u00f3mica y Social de Argentina<\/a><\/li><li><a href=\"https:\/\/virtual.uncaus.edu.ar\/wp-content\/uploads\/2022\/10\/MODIFICACION-Sociologia-Sistemica-Res.-No-079-21-CDCSyH.pdf\" target=\"_blank\" rel=\"noreferrer noopener\">Sociolog\u00eda Sistem\u00e1tica<\/a><\/li><li><a href=\"https:\/\/virtual.uncaus.edu.ar\/wp-content\/uploads\/2022\/10\/Res.-No-001-21-SEGURIDAD-PUBLICA-Y-CIUDADANA-I-.pdf\" target=\"_blank\" rel=\"noreferrer noopener\">Seguridad P\u00fablica y Ciudadana I<\/a><\/li><li><a href=\"https:\/\/virtual.uncaus.edu.ar\/wp-content\/uploads\/2022\/10\/Res.-No-002-21-MARCOS-LEGALES-.pdf\" target=\"_blank\" rel=\"noreferrer noopener\">Marcos Legales de la Seguridad P\u00fablica y Ciudadana en Argentina y Am\u00e9rica Latina<\/a><\/li><li>Taller de Estad\u00edstica y Sistemas de Informaci\u00f3n en Seguridad P\u00fablica y Ciudadana<\/li><li><a href=\"https:\/\/virtual.uncaus.edu.ar\/wp-content\/uploads\/2022\/10\/07-Criminologia-Reso-72-19-C.D.C.S.-Y-H.-Lic.-en-Seg.-Publica-y-Ciudadana.pdf\" target=\"_blank\" rel=\"noreferrer noopener\">Criminolog\u00eda<\/a><\/li><li><a href=\"https:\/\/virtual.uncaus.edu.ar\/wp-content\/uploads\/2022\/10\/08-Seguridad-Publica-y-Ciudadana-II-Reso-75-19-C.D.C.S.-Y-H.-Lic.-en-Seg.-Publica-y-Ciudadana.pdf\" target=\"_blank\" rel=\"noreferrer noopener\">Seguridad P\u00fablica y Ciudadana II<\/a><\/li><\/ul>\n<\/div>\n\n\n\n<div class=\"wp-block-column is-layout-flow wp-block-column-is-layout-flow\">\n<h2 class=\"wp-block-heading\">2\u00ba A\u00f1o<\/h2>\n\n\n\n<hr class=\"wp-block-separator is-style-wide\"\/>\n\n\n\n<ul class=\"wp-block-list\"><li><a href=\"https:\/\/virtual.uncaus.edu.ar\/wp-content\/uploads\/2022\/10\/Res.-No-108-21-CDCSyH-TALLER-DE-INVESTIGACION.pdf\" target=\"_blank\" rel=\"noreferrer noopener\">Taller de Investigaci\u00f3n<\/a><\/li><li>Planificaci\u00f3n y Gesti\u00f3n de la Seguridad P\u00fablica y Ciudadana I<\/li><li><a href=\"https:\/\/virtual.uncaus.edu.ar\/wp-content\/uploads\/2022\/10\/11-Seguridad-Publica-y-Ciudadana-en-la-Defensa-Civil-Reso-69-19-C.D.C.S.-Y-H.-Lic.-en-Seg.-Publica-y-Ciudadana.pdf\" target=\"_blank\" rel=\"noreferrer noopener\">Seguridad P\u00fablica y Ciudadana en la Defensa Civil<\/a><\/li><li><a href=\"https:\/\/virtual.uncaus.edu.ar\/wp-content\/uploads\/2022\/10\/12-Gestion-de-Conflictos-Reso-66-19-C.D.C.S.-Y-H.-Lic.-en-Seg.-Publica-y-Ciudadana.pdf\" target=\"_blank\" rel=\"noreferrer noopener\">Gesti\u00f3n de Conflictos<\/a><\/li><li>Planificaci\u00f3n y Gesti\u00f3n de la Seguridad P\u00fablica y Ciudadana II<\/li><li>Criminalidad Compleja<\/li><li>Ingl\u00e9s T\u00e9cnico<\/li><li>Taller de Apoyo al Trabajo Final<\/li><li>Trabajo Final<\/li><\/ul>\n<\/div>\n<\/div>\n\n\n\n<p><\/p>\n","protected":false},"excerpt":{"rendered":"<p>1\u00ba A\u00f1o Historia Econ\u00f3mica y Social de Argentina Sociolog\u00eda Sistem\u00e1tica Seguridad P\u00fablica y Ciudadana I Marcos Legales de la Seguridad P\u00fablica y Ciudadana en Argentina y Am\u00e9rica Latina Taller de Estad\u00edstica y Sistemas de Informaci\u00f3n en Seguridad P\u00fablica y Ciudadana<\/p>\n","protected":false},"author":3,"featured_media":0,"parent":0,"menu_order":0,"comment_status":"closed","ping_status":"closed","template":"","meta":{"footnotes":""},"class_list":["post-1462","page","type-page","status-publish","hentry"],"_links":{"self":[{"href":"https:\/\/virtual.uncaus.edu.ar\/index.php\/wp-json\/wp\/v2\/pages\/1462"}],"collection":[{"href":"https:\/\/virtual.uncaus.edu.ar\/index.php\/wp-json\/wp\/v2\/pages"}],"about":[{"href":"https:\/\/virtual.uncaus.edu.ar\/index.php\/wp-json\/wp\/v2\/types\/page"}],"author":[{"embeddable":true,"href":"https:\/\/virtual.uncaus.edu.ar\/index.php\/wp-json\/wp\/v2\/users\/3"}],"replies":[{"embeddable":true,"href":"https:\/\/virtual.uncaus.edu.ar\/index.php\/wp-json\/wp\/v2\/comments?post=1462"}],"version-history":[{"count":3,"href":"https:\/\/virtual.uncaus.edu.ar\/index.php\/wp-json\/wp\/v2\/pages\/1462\/revisions"}],"predecessor-version":[{"id":1781,"href":"https:\/\/virtual.uncaus.edu.ar\/index.php\/wp-json\/wp\/v2\/pages\/1462\/revisions\/1781"}],"wp:attachment":[{"href":"https:\/\/virtual.uncaus.edu.ar\/index.php\/wp-json\/wp\/v2\/media?parent=1462"}],"curies":[{"name":"wp","href":"https:\/\/api.w.org\/{rel}","templated":true}]}}