{"id":1483,"date":"2022-10-05T11:50:18","date_gmt":"2022-10-05T11:50:18","guid":{"rendered":"http:\/\/virtual.uncaus.edu.ar\/?page_id=1483"},"modified":"2023-08-25T11:57:22","modified_gmt":"2023-08-25T11:57:22","slug":"plan-de-estudio-licenciatura-en-administracion-ccc","status":"publish","type":"page","link":"https:\/\/virtual.uncaus.edu.ar\/index.php\/plan-de-estudio-licenciatura-en-administracion-ccc\/","title":{"rendered":"Plan de Estudio &#8211; Licenciatura en Administraci\u00f3n CCC"},"content":{"rendered":"\n<div class=\"wp-block-columns is-layout-flex wp-container-core-columns-is-layout-1 wp-block-columns-is-layout-flex\">\n<div class=\"wp-block-column is-layout-flow wp-block-column-is-layout-flow\">\n<h2 class=\"has-black-color has-text-color wp-block-heading\">1\u00ba A\u00f1o<\/h2>\n\n\n\n<hr class=\"wp-block-separator is-style-wide\"\/>\n\n\n\n<ul class=\"wp-block-list\"><li><a href=\"https:\/\/virtual.uncaus.edu.ar\/wp-content\/uploads\/2022\/10\/Res.-No-223-INGLES-CCC.pdf\" target=\"_blank\" rel=\"noreferrer noopener\">Ingl\u00e9s<\/a><\/li><li><a href=\"https:\/\/virtual.uncaus.edu.ar\/wp-content\/uploads\/2022\/10\/Res.-No-008-21-ANALISIS-MACROECONOMICO-LIC-EN-ADM-CCC.pdf\" target=\"_blank\" rel=\"noreferrer noopener\">An\u00e1lisis Macroecon\u00f3mico<\/a><\/li><li><a href=\"https:\/\/virtual.uncaus.edu.ar\/wp-content\/uploads\/2022\/10\/03.-Res.-No-212-derecho-constitucional-y-derecho-administrativo-MD.pdf\" target=\"_blank\" rel=\"noreferrer noopener\">Derecho Constitucional y Derecho Administrativo<\/a><\/li><li><a href=\"https:\/\/virtual.uncaus.edu.ar\/wp-content\/uploads\/2022\/10\/04.-Res.-No-211-Matematica-Financiera-MD-Ress.pdf\" target=\"_blank\" rel=\"noreferrer noopener\">Matem\u00e1tica Financiera<\/a><\/li><li><a href=\"https:\/\/virtual.uncaus.edu.ar\/wp-content\/uploads\/2022\/10\/05.-ANALISIS-MICROECONOMICO-Ress-No-217.pdf\" target=\"_blank\" rel=\"noreferrer noopener\">An\u00e1lisis Microecon\u00f3mico<\/a><\/li><li><a href=\"https:\/\/virtual.uncaus.edu.ar\/wp-content\/uploads\/2022\/10\/06.-Prob-y-Est-CCC_Virtual-Ress-No-218.pdf\" target=\"_blank\" rel=\"noreferrer noopener\">Probabilidad y Estad\u00edstica<\/a><\/li><li><a href=\"https:\/\/virtual.uncaus.edu.ar\/wp-content\/uploads\/2022\/10\/Res.-No-005-21-DERECHO-COMERCIAL-CCC.pdf\" target=\"_blank\" rel=\"noreferrer noopener\">Derecho Comercial<\/a><\/li><li><a href=\"https:\/\/virtual.uncaus.edu.ar\/wp-content\/uploads\/2022\/10\/08-FINANZAS-PUBLICAS-Ress-No-219.pdf\" target=\"_blank\" rel=\"noreferrer noopener\">Finanzas p\u00fablicas<\/a><\/li><\/ul>\n<\/div>\n\n\n\n<div class=\"wp-block-column is-layout-flow wp-block-column-is-layout-flow\">\n<h2 class=\"wp-block-heading\">2\u00ba A\u00f1o<\/h2>\n\n\n\n<hr class=\"wp-block-separator is-style-wide\"\/>\n\n\n\n<ul class=\"wp-block-list\"><li><a href=\"https:\/\/virtual.uncaus.edu.ar\/wp-content\/uploads\/2022\/10\/Res.-No-006-21-METODOLOGIA-DE-LA-INVESTIGACION-CCC.pdf\">Metodolog\u00eda de la investigaci\u00f3n<\/a><\/li><li><a href=\"https:\/\/virtual.uncaus.edu.ar\/wp-content\/uploads\/2022\/10\/10-REGIMEN-TRIBUTARIO-PARA-ADMINISTRADORES-Reso-121-20-Lic-en-Adm-CCC.pdf\">R\u00e9gimen Tributario para Administradores<\/a><\/li><li><a href=\"https:\/\/virtual.uncaus.edu.ar\/wp-content\/uploads\/2022\/10\/11-Res.-N\u00b0-220-20-CDCSyH-Comportamiento-Organizacional-Lic.-en-Administracion-CCC-a-Distancia.pdf\">Comportamiento Organizacional<\/a><\/li><li><a href=\"https:\/\/virtual.uncaus.edu.ar\/wp-content\/uploads\/2022\/10\/12-ADMINIS.-RECURSOS-HUMANOS-Reso-122-20-Lic-en-Adm-CCC.pdf\">Administraci\u00f3n de Recursos Humanos<\/a><\/li><li><a href=\"https:\/\/virtual.uncaus.edu.ar\/wp-content\/uploads\/2022\/10\/13-Res.-N\u00b0-221-20-CDCSyH-Administracion-Financiera-Lic.-en-Administracion-CCC-a-Distancia.pdf\">Administraci\u00f3n Financiera<\/a><\/li><li><a href=\"https:\/\/virtual.uncaus.edu.ar\/wp-content\/uploads\/2022\/10\/Res.-No-222.-Comercializacion-Lic-en-Adm.-CCC-.pdf\">Comercializaci\u00f3n<\/a><\/li><li><a href=\"https:\/\/virtual.uncaus.edu.ar\/wp-content\/uploads\/2022\/10\/Res.-No-007-21-DERECHO-LABORAL-CCC.pdf\">Derecho Laboral<\/a><\/li><li><a href=\"https:\/\/virtual.uncaus.edu.ar\/wp-content\/uploads\/2022\/10\/Res.-019-21-CDCSyH-Administracion-estrategia-y-planeamiento-administrativo.pdf\">Administraci\u00f3n Estrat\u00e9gicas y Planeamiento Administrativo<\/a><\/li><li><a href=\"https:\/\/virtual.uncaus.edu.ar\/wp-content\/uploads\/2022\/10\/Res.-No-010-21-Administracion-de-Operaciones.CCC_.pdf\">Administraci\u00f3n de Operaciones<\/a><\/li><li>Formas Jur\u00eddicas de las Organizaciones<\/li><\/ul>\n<\/div>\n\n\n\n<div class=\"wp-block-column is-layout-flow wp-block-column-is-layout-flow\">\n<h2 class=\"wp-block-heading\">3\u00ba A\u00f1o<\/h2>\n\n\n\n<hr class=\"wp-block-separator is-style-wide\"\/>\n\n\n\n<ul class=\"wp-block-list\"><li>Taller de apoyo al Trabajo Final<\/li><li>Administraci\u00f3n de Sector P\u00fablico<\/li><li><a href=\"https:\/\/virtual.uncaus.edu.ar\/wp-content\/uploads\/2022\/10\/Res.-143-20-CDCSyH-Direccion-de-Organizaciones-.pdf\" target=\"_blank\" rel=\"noreferrer noopener\">Direcci\u00f3n de Organizaciones<\/a><\/li><li><a href=\"https:\/\/virtual.uncaus.edu.ar\/wp-content\/uploads\/2022\/10\/22.-pract.-prof-.-RESOLUCION-363-19-C.S.pdf\" target=\"_blank\" rel=\"noreferrer noopener\">Pr\u00e1ctica Profesional<\/a><\/li><li><a href=\"https:\/\/virtual.uncaus.edu.ar\/wp-content\/uploads\/2022\/10\/RESOLUCION-No-138-APROBAR-REGLAMENTO-DE-TRABAJO-FINAL-LICENCIATURA-EN-ADMINISTRACION-CCC.pdf\" target=\"_blank\" rel=\"noreferrer noopener\">Trabajo Final<\/a><\/li><\/ul>\n<\/div>\n<\/div>\n\n\n\n<div class=\"wp-block-columns is-layout-flex wp-container-core-columns-is-layout-2 wp-block-columns-is-layout-flex\">\n<div class=\"wp-block-column is-layout-flow wp-block-column-is-layout-flow\"><\/div>\n\n\n\n<div class=\"wp-block-column is-layout-flow wp-block-column-is-layout-flow\">\n<h2 class=\"has-black-color has-text-color wp-block-heading\">Cursos Optativos<\/h2>\n\n\n\n<hr class=\"wp-block-separator is-style-wide\"\/>\n\n\n\n<ul class=\"wp-block-list\"><li>Organizaci\u00f3n Bancaria<\/li><li>Comunicaci\u00f3n Oral Y Escrita<\/li><li>Gesti\u00f3n de las Crisis Empresarias<\/li><li>Evaluaci\u00f3n de Proyectos de Inversi\u00f3n<\/li><li>Investigaci\u00f3n de Mercados<\/li><li><a href=\"https:\/\/virtual.uncaus.edu.ar\/wp-content\/uploads\/2022\/10\/Res.-No-009-21-NGLES-AVANZADO-CCC-Optativa-CO2.pdf\" target=\"_blank\" rel=\"noreferrer noopener\">Ingles Avanzado<\/a><\/li><li>Sociolog\u00eda<\/li><li>Comercio Internacional<\/li><\/ul>\n<\/div>\n\n\n\n<div class=\"wp-block-column is-layout-flow wp-block-column-is-layout-flow\"><\/div>\n<\/div>\n","protected":false},"excerpt":{"rendered":"<p>1\u00ba A\u00f1o Ingl\u00e9s An\u00e1lisis Macroecon\u00f3mico Derecho Constitucional y Derecho Administrativo Matem\u00e1tica Financiera An\u00e1lisis Microecon\u00f3mico Probabilidad y Estad\u00edstica Derecho Comercial Finanzas p\u00fablicas 2\u00ba A\u00f1o Metodolog\u00eda de la investigaci\u00f3n R\u00e9gimen Tributario para Administradores Comportamiento Organizacional Administraci\u00f3n de Recursos Humanos Administraci\u00f3n Financiera Comercializaci\u00f3n<\/p>\n","protected":false},"author":3,"featured_media":0,"parent":0,"menu_order":0,"comment_status":"closed","ping_status":"closed","template":"","meta":{"footnotes":""},"class_list":["post-1483","page","type-page","status-publish","hentry"],"_links":{"self":[{"href":"https:\/\/virtual.uncaus.edu.ar\/index.php\/wp-json\/wp\/v2\/pages\/1483"}],"collection":[{"href":"https:\/\/virtual.uncaus.edu.ar\/index.php\/wp-json\/wp\/v2\/pages"}],"about":[{"href":"https:\/\/virtual.uncaus.edu.ar\/index.php\/wp-json\/wp\/v2\/types\/page"}],"author":[{"embeddable":true,"href":"https:\/\/virtual.uncaus.edu.ar\/index.php\/wp-json\/wp\/v2\/users\/3"}],"replies":[{"embeddable":true,"href":"https:\/\/virtual.uncaus.edu.ar\/index.php\/wp-json\/wp\/v2\/comments?post=1483"}],"version-history":[{"count":5,"href":"https:\/\/virtual.uncaus.edu.ar\/index.php\/wp-json\/wp\/v2\/pages\/1483\/revisions"}],"predecessor-version":[{"id":1857,"href":"https:\/\/virtual.uncaus.edu.ar\/index.php\/wp-json\/wp\/v2\/pages\/1483\/revisions\/1857"}],"wp:attachment":[{"href":"https:\/\/virtual.uncaus.edu.ar\/index.php\/wp-json\/wp\/v2\/media?parent=1483"}],"curies":[{"name":"wp","href":"https:\/\/api.w.org\/{rel}","templated":true}]}}