{"id":1487,"date":"2022-11-01T13:12:04","date_gmt":"2022-11-01T13:12:04","guid":{"rendered":"http:\/\/virtual.uncaus.edu.ar\/?page_id=1487"},"modified":"2023-08-25T11:57:32","modified_gmt":"2023-08-25T11:57:32","slug":"plan-de-estudio-tec-universitaria-en-gestion-ambiental","status":"publish","type":"page","link":"https:\/\/virtual.uncaus.edu.ar\/index.php\/plan-de-estudio-tec-universitaria-en-gestion-ambiental\/","title":{"rendered":"Plan de Estudio &#8211; Tec Universitaria en Gesti\u00f3n Ambiental"},"content":{"rendered":"\n<div class=\"wp-block-columns is-layout-flex wp-container-core-columns-is-layout-1 wp-block-columns-is-layout-flex\">\n<div class=\"wp-block-column is-layout-flow wp-block-column-is-layout-flow\">\n<h2 class=\"has-black-color has-text-color wp-block-heading\">1\u00ba A\u00f1o<\/h2>\n\n\n\n<hr class=\"wp-block-separator is-style-wide\"\/>\n\n\n\n<ul class=\"wp-block-list\"><li><a href=\"https:\/\/virtual.uncaus.edu.ar\/wp-content\/uploads\/2022\/11\/1-Quimica-Ambiental-Reso-105-16-C.D.C.B.-y-A..pdf\" target=\"_blank\" rel=\"noreferrer noopener\">Qu\u00edmica Ambiental<\/a><\/li><li><a href=\"https:\/\/virtual.uncaus.edu.ar\/wp-content\/uploads\/2022\/11\/2-Biologia-Reso-104-16-C.D.C.B.-y-A..pdf\" target=\"_blank\" rel=\"noreferrer noopener\">Biolog\u00eda<\/a><\/li><li><a href=\"https:\/\/virtual.uncaus.edu.ar\/wp-content\/uploads\/2022\/11\/3-Matematica-Reso-103-16-C.D.C.B.-y-A..pdf\" target=\"_blank\" rel=\"noreferrer noopener\">Matem\u00e1tica<\/a><\/li><li><a href=\"https:\/\/virtual.uncaus.edu.ar\/wp-content\/uploads\/2022\/11\/4-Ecologia-y-Recursos-Naturales-Reso-102-16-C.D.C.B.-y-A..pdf\" target=\"_blank\" rel=\"noreferrer noopener\">Ecolog\u00eda y Recursos Naturales<\/a><\/li><li><a href=\"https:\/\/virtual.uncaus.edu.ar\/wp-content\/uploads\/2022\/11\/5-Historia-y-Ambiente-Reso-101-16-C.D.C.B.-y-A..pdf\" target=\"_blank\" rel=\"noreferrer noopener\">Historia y Ambiente<\/a><\/li><li><a href=\"https:\/\/virtual.uncaus.edu.ar\/wp-content\/uploads\/2022\/11\/6-Ingles-Tecnico-Reso-100-16-C.D.C.B.-y-A..pdf\" target=\"_blank\" rel=\"noreferrer noopener\">Ingl\u00e9s T\u00e9cnico<\/a><\/li><li><a href=\"https:\/\/virtual.uncaus.edu.ar\/wp-content\/uploads\/2022\/11\/7-Fisica-Ambiental-Reso-099-16-C.D.C.B.-y-A..pdf\" target=\"_blank\" rel=\"noreferrer noopener\">F\u00edsica Ambiental<\/a><\/li><li><a href=\"https:\/\/virtual.uncaus.edu.ar\/wp-content\/uploads\/2022\/11\/8-Introduccion-a-la-Problematica-Ambiental-Reso-098-16-C.D.C.B.-y-A..pdf\" target=\"_blank\" rel=\"noreferrer noopener\">Introducci\u00f3n a la Problem\u00e1tica Ambiental<\/a><\/li><li><a href=\"https:\/\/virtual.uncaus.edu.ar\/wp-content\/uploads\/2022\/11\/9-Informatica-y-TICS-Reso-097-16-C.D.C.B.-y-A..pdf\" target=\"_blank\" rel=\"noreferrer noopener\">Inform\u00e1tica y TICS<\/a><\/li><\/ul>\n<\/div>\n\n\n\n<div class=\"wp-block-column is-layout-flow wp-block-column-is-layout-flow\">\n<h2 class=\"wp-block-heading\">2\u00ba A\u00f1o<\/h2>\n\n\n\n<hr class=\"wp-block-separator is-style-wide\"\/>\n\n\n\n<ul class=\"wp-block-list\"><li><a href=\"https:\/\/virtual.uncaus.edu.ar\/wp-content\/uploads\/2022\/11\/10-Analisis-de-Ciclo-de-Vida-Reso-096-16-C.D.C.B.-y-A..pdf\" target=\"_blank\" rel=\"noreferrer noopener\">An\u00e1lisis de Ciclo de Vida<\/a><\/li><li><a href=\"https:\/\/virtual.uncaus.edu.ar\/wp-content\/uploads\/2022\/11\/11-Educacion-Ambiental-Ed-y-Ambiente-Reso-095-16-C.D.C.B.-y-A..pdf\" target=\"_blank\" rel=\"noreferrer noopener\">Educaci\u00f3n y Ambiente<\/a><\/li><li><a href=\"https:\/\/virtual.uncaus.edu.ar\/wp-content\/uploads\/2022\/11\/12-Metodologia-de-la-Investigacion-Reso-094-16-C.D.C.B.-y-A..pdf\" target=\"_blank\" rel=\"noreferrer noopener\">Metodolog\u00eda de la Investigaci\u00f3n<\/a><\/li><li><a href=\"https:\/\/virtual.uncaus.edu.ar\/wp-content\/uploads\/2022\/11\/13-Estadistica-Reso-093-16-C.D.C.B.-y-A..pdf\" target=\"_blank\" rel=\"noreferrer noopener\">Estad\u00edstica<\/a><\/li><li><a href=\"https:\/\/virtual.uncaus.edu.ar\/wp-content\/uploads\/2022\/11\/14-Ecotoxicologia-Reso-055-17-C.D.C.B.-y-A..pdf\" target=\"_blank\" rel=\"noreferrer noopener\">Ecotoxicolog\u00eda<\/a><\/li><li><a href=\"https:\/\/virtual.uncaus.edu.ar\/wp-content\/uploads\/2022\/11\/15-Planificacion-y-Ordenamiento-Territorial-Reso-057-17-C.D.C.B.-y-A..pdf\" target=\"_blank\" rel=\"noreferrer noopener\">Planificaci\u00f3n y Ordenamiento Territorial<\/a><\/li><li><a href=\"https:\/\/virtual.uncaus.edu.ar\/wp-content\/uploads\/2022\/11\/16-Gestion-de-Residuos-Solidos-Reso-047-17-C.D.C.B.-y-A..pdf\" target=\"_blank\" rel=\"noreferrer noopener\">Gesti\u00f3n de Residuos S\u00f3lidos<\/a><\/li><li><a href=\"https:\/\/virtual.uncaus.edu.ar\/wp-content\/uploads\/2022\/11\/17-Ecologia-Urbana-y-Rural-Reso-056-16-C.D.C.B.-y-A..pdf\" target=\"_blank\" rel=\"noreferrer noopener\">Ecolog\u00eda Urbana y Rural<\/a><\/li><\/ul>\n<\/div>\n\n\n\n<div class=\"wp-block-column is-layout-flow wp-block-column-is-layout-flow\">\n<h2 class=\"wp-block-heading\">3\u00ba A\u00f1o<\/h2>\n\n\n\n<hr class=\"wp-block-separator is-style-wide\"\/>\n\n\n\n<ul class=\"wp-block-list\"><li><a href=\"https:\/\/virtual.uncaus.edu.ar\/wp-content\/uploads\/2022\/11\/18-Res.-No-70-20-CDCByA-Sistema-de-Gestion-Ambiental-.pdf\" target=\"_blank\" rel=\"noreferrer noopener\">Sistemas de Gesti\u00f3n Ambiental<\/a><\/li><li><a href=\"https:\/\/virtual.uncaus.edu.ar\/wp-content\/uploads\/2022\/11\/19-Res-.-No-69-20-CDCByA-CONTAMINACION-AMBIENTAL.pdf\" target=\"_blank\" rel=\"noreferrer noopener\">Contaminaci\u00f3n Ambiental<\/a><\/li><li><a href=\"https:\/\/virtual.uncaus.edu.ar\/wp-content\/uploads\/2022\/11\/20-Reso-57-20-SEGURIDAD-AMBIENTAL-Tec-en-Gest-Amb.pdf\" target=\"_blank\" rel=\"noreferrer noopener\">Seguridad Ambiental<\/a><\/li><li><a href=\"https:\/\/virtual.uncaus.edu.ar\/wp-content\/uploads\/2022\/11\/21-Res.-No-71-20-CDCByA-DERECHO-AMBIENTAL-.pdf\" target=\"_blank\" rel=\"noreferrer noopener\">Derecho Ambiental<\/a><\/li><li><a href=\"https:\/\/virtual.uncaus.edu.ar\/wp-content\/uploads\/2022\/11\/22-Reso-65-20-ESTUDIO-MONITOREO-Y-EVALUACION-DE-IMPACTO-AMBIENTAL-Tec-en-Gest-Amb.pdf\" target=\"_blank\" rel=\"noreferrer noopener\">Estudio, Monitoreo y Evaluaci\u00f3n Ambiental<\/a><\/li><li><a href=\"https:\/\/virtual.uncaus.edu.ar\/wp-content\/uploads\/2022\/11\/23-Reso-58-20-ETICA-Y-DEONTOLOGIA-PROFESIONAL-Tec-en-Gest-Amb.pdf\" target=\"_blank\" rel=\"noreferrer noopener\">\u00c9tica y Deontolog\u00eda Profesional<\/a><\/li><li><a href=\"https:\/\/virtual.uncaus.edu.ar\/wp-content\/uploads\/2022\/11\/24-Reso-60-20-HIGIENE-Y-SEGURIDAD-EN-EL-TRABAJO-Tec-en-Gest-Amb.pdf\" target=\"_blank\" rel=\"noreferrer noopener\">Higiene y Seguridad en el Trabajo<\/a><\/li><li><a href=\"https:\/\/virtual.uncaus.edu.ar\/wp-content\/uploads\/2022\/11\/MODIFICACION-Res.-No-73-20-C.D.C.B.y-A.-ETICA-Y-DEONTOLOGIA-PROFESIONAL-.pdf\" target=\"_blank\" rel=\"noreferrer noopener\">Pr\u00e1ctica Profesional<\/a><\/li><\/ul>\n<\/div>\n<\/div>\n\n\n\n<p><\/p>\n","protected":false},"excerpt":{"rendered":"<p>1\u00ba A\u00f1o Qu\u00edmica Ambiental Biolog\u00eda Matem\u00e1tica Ecolog\u00eda y Recursos Naturales Historia y Ambiente Ingl\u00e9s T\u00e9cnico F\u00edsica Ambiental Introducci\u00f3n a la Problem\u00e1tica Ambiental Inform\u00e1tica y TICS 2\u00ba A\u00f1o An\u00e1lisis de Ciclo de Vida Educaci\u00f3n y Ambiente Metodolog\u00eda de la Investigaci\u00f3n Estad\u00edstica<\/p>\n","protected":false},"author":3,"featured_media":0,"parent":0,"menu_order":0,"comment_status":"closed","ping_status":"closed","template":"","meta":{"footnotes":""},"class_list":["post-1487","page","type-page","status-publish","hentry"],"_links":{"self":[{"href":"https:\/\/virtual.uncaus.edu.ar\/index.php\/wp-json\/wp\/v2\/pages\/1487"}],"collection":[{"href":"https:\/\/virtual.uncaus.edu.ar\/index.php\/wp-json\/wp\/v2\/pages"}],"about":[{"href":"https:\/\/virtual.uncaus.edu.ar\/index.php\/wp-json\/wp\/v2\/types\/page"}],"author":[{"embeddable":true,"href":"https:\/\/virtual.uncaus.edu.ar\/index.php\/wp-json\/wp\/v2\/users\/3"}],"replies":[{"embeddable":true,"href":"https:\/\/virtual.uncaus.edu.ar\/index.php\/wp-json\/wp\/v2\/comments?post=1487"}],"version-history":[{"count":4,"href":"https:\/\/virtual.uncaus.edu.ar\/index.php\/wp-json\/wp\/v2\/pages\/1487\/revisions"}],"predecessor-version":[{"id":1923,"href":"https:\/\/virtual.uncaus.edu.ar\/index.php\/wp-json\/wp\/v2\/pages\/1487\/revisions\/1923"}],"wp:attachment":[{"href":"https:\/\/virtual.uncaus.edu.ar\/index.php\/wp-json\/wp\/v2\/media?parent=1487"}],"curies":[{"name":"wp","href":"https:\/\/api.w.org\/{rel}","templated":true}]}}