{"id":278,"date":"2014-03-17T20:05:04","date_gmt":"2014-03-17T20:05:04","guid":{"rendered":"http:\/\/demo.themegrill.com\/spacious\/?page_id=29"},"modified":"2017-12-19T07:39:13","modified_gmt":"2017-12-19T07:39:13","slug":"acerca-de-nosotros","status":"publish","type":"page","link":"https:\/\/virtual.uncaus.edu.ar\/index.php\/acerca-de-nosotros\/","title":{"rendered":"Acerca de Nosotros"},"content":{"rendered":"<p><img loading=\"lazy\" decoding=\"async\" class=\"aligncenter size-full wp-image-550\" src=\"https:\/\/virtual.uncaus.edu.ar\/virtual2017\/wp-content\/uploads\/2014\/03\/home_01.jpg\" alt=\"\" width=\"1920\" height=\"810\" srcset=\"https:\/\/virtual.uncaus.edu.ar\/wp-content\/uploads\/2014\/03\/home_01.jpg 1920w, https:\/\/virtual.uncaus.edu.ar\/wp-content\/uploads\/2014\/03\/home_01-300x127.jpg 300w, https:\/\/virtual.uncaus.edu.ar\/wp-content\/uploads\/2014\/03\/home_01-768x324.jpg 768w, https:\/\/virtual.uncaus.edu.ar\/wp-content\/uploads\/2014\/03\/home_01-1024x432.jpg 1024w\" sizes=\"(max-width: 1920px) 100vw, 1920px\" \/><\/p>\n<h4><span style=\"color: #0fbe7c;\">Misi\u00f3n<\/span><\/h4>\n<p>La Misi\u00f3n de la Universidad Nacional del Chaco Austral como unidad acad\u00e9mica, a trav\u00e9s del \u00e1rea de Educaci\u00f3n a Distancia, es brindar una formaci\u00f3n superior con calidad, investigaci\u00f3n y responsabilidad social, utilizando un modelo de autogesti\u00f3n del conocimiento, acompa\u00f1ando y asistiendo a sus estudiantes en cada etapa del proceso y asegurando las condiciones organizacionales, tecnol\u00f3gicas, pedag\u00f3gicas y de comunicaci\u00f3n necesarias.<\/p>\n<p>Estamos convencidos que una sociedad mejor se logra mediante la igualdad de oportunidades, independientemente del lugar donde se encuentren las personas.<\/p>\n<h4><span style=\"color: #0fbe7c;\">Visi\u00f3n<\/span><\/h4>\n<p>El \u00e1rea de Educaci\u00f3n a Distancia de la Universidad Nacional del Chaco Austral inicia sus actividades en el a\u00f1o 2014, en la ciudad de Presidencia Roque S\u00e1enz Pe\u00f1a, provincia de Chaco, Argentina.<\/p>\n<p>A partir de ese momento comienza la expansi\u00f3n hacia el resto del pa\u00eds, contando en la actualidad con m\u00e1s de 52 sedes, constituyendo una s\u00f3lida red de Unidades de Apoyo Tecnol\u00f3gico.<\/p>\n<p>Su Visi\u00f3n es ser reconocida a nivel nacional por la calidad de su oferta acad\u00e9mica en carreras de pre grado, grado y posgrado, y cursos de formaci\u00f3n en distintas \u00e1reas, llegando a todos los rincones del pa\u00eds.<\/p>\n<h4><\/h4>\n<h4><span style=\"color: #0fbe7c;\">Conozca nuestra Universidad<\/span><\/h4>\n<p>[st-gallery id=\u00bb5a1f73a9134ed\u00bb]<\/p>\n","protected":false},"excerpt":{"rendered":"<p>Misi\u00f3n La Misi\u00f3n de la Universidad Nacional del Chaco Austral como unidad acad\u00e9mica, a trav\u00e9s del \u00e1rea de Educaci\u00f3n a Distancia, es brindar una formaci\u00f3n superior con calidad, investigaci\u00f3n y responsabilidad social, utilizando un modelo de autogesti\u00f3n del conocimiento, acompa\u00f1ando<\/p>\n","protected":false},"author":1,"featured_media":550,"parent":0,"menu_order":0,"comment_status":"closed","ping_status":"closed","template":"","meta":{"footnotes":""},"class_list":["post-278","page","type-page","status-publish","has-post-thumbnail","hentry"],"_links":{"self":[{"href":"https:\/\/virtual.uncaus.edu.ar\/index.php\/wp-json\/wp\/v2\/pages\/278"}],"collection":[{"href":"https:\/\/virtual.uncaus.edu.ar\/index.php\/wp-json\/wp\/v2\/pages"}],"about":[{"href":"https:\/\/virtual.uncaus.edu.ar\/index.php\/wp-json\/wp\/v2\/types\/page"}],"author":[{"embeddable":true,"href":"https:\/\/virtual.uncaus.edu.ar\/index.php\/wp-json\/wp\/v2\/users\/1"}],"replies":[{"embeddable":true,"href":"https:\/\/virtual.uncaus.edu.ar\/index.php\/wp-json\/wp\/v2\/comments?post=278"}],"version-history":[{"count":9,"href":"https:\/\/virtual.uncaus.edu.ar\/index.php\/wp-json\/wp\/v2\/pages\/278\/revisions"}],"predecessor-version":[{"id":668,"href":"https:\/\/virtual.uncaus.edu.ar\/index.php\/wp-json\/wp\/v2\/pages\/278\/revisions\/668"}],"wp:featuredmedia":[{"embeddable":true,"href":"https:\/\/virtual.uncaus.edu.ar\/index.php\/wp-json\/wp\/v2\/media\/550"}],"wp:attachment":[{"href":"https:\/\/virtual.uncaus.edu.ar\/index.php\/wp-json\/wp\/v2\/media?parent=278"}],"curies":[{"name":"wp","href":"https:\/\/api.w.org\/{rel}","templated":true}]}}