{"id":48,"date":"2015-02-09T11:43:40","date_gmt":"2015-02-09T11:43:40","guid":{"rendered":"http:\/\/demo.themegrill.com\/ample\/?page_id=48"},"modified":"2019-05-16T03:29:28","modified_gmt":"2019-05-16T03:29:28","slug":"inscripcion-de-mayores-de-25-anos","status":"publish","type":"page","link":"https:\/\/virtual.uncaus.edu.ar\/index.php\/inscripcion-de-mayores-de-25-anos\/","title":{"rendered":"Inscripci\u00f3n de Mayores de 25 A\u00f1os &#8211; LEY 24.521"},"content":{"rendered":"<p>El art\u00edculo <strong>7\u00b0<\/strong> de la Ley <strong>24.521<\/strong> establece con car\u00e1cter de excepci\u00f3n la inscripci\u00f3n a la universidad para mayores de <strong>25 a\u00f1os<\/strong>, argentinos sin t\u00edtulos secundarios, siempre que, a trav\u00e9s de evaluaciones, demuestren que tienen preparaci\u00f3n y\/o experiencia laboral acordes con los estudios que se proponen encarar, as\u00ed como aptitudes y conocimientos suficientes para cursarlos satisfactoriamente.<br \/>\n<iframe loading=\"lazy\" src=\"https:\/\/sga.uncaus.edu.ar\/public\/documentos\/Resolucion_256-18-C.S.pdf\" width=\"100%\" height=\"600px\"><\/iframe><\/p>\n<h4 style=\"text-align: center;\"><a href=\"https:\/\/sga.uncaus.edu.ar\/auth\/signup\">INSCRIBIRME<\/a><\/h4>\n","protected":false},"excerpt":{"rendered":"<p>Maecenas facilisis augue vitae convallis hendrerit. In convallis quam nulla, id suscipit enim egestas vitae. Fusce feugiat eros sit amet venenatis scelerisque. Proin neque leo, cursus molestie<\/p>\n","protected":false},"author":1,"featured_media":0,"parent":0,"menu_order":0,"comment_status":"closed","ping_status":"closed","template":"","meta":{"footnotes":""},"class_list":["post-48","page","type-page","status-publish","hentry"],"_links":{"self":[{"href":"https:\/\/virtual.uncaus.edu.ar\/index.php\/wp-json\/wp\/v2\/pages\/48"}],"collection":[{"href":"https:\/\/virtual.uncaus.edu.ar\/index.php\/wp-json\/wp\/v2\/pages"}],"about":[{"href":"https:\/\/virtual.uncaus.edu.ar\/index.php\/wp-json\/wp\/v2\/types\/page"}],"author":[{"embeddable":true,"href":"https:\/\/virtual.uncaus.edu.ar\/index.php\/wp-json\/wp\/v2\/users\/1"}],"replies":[{"embeddable":true,"href":"https:\/\/virtual.uncaus.edu.ar\/index.php\/wp-json\/wp\/v2\/comments?post=48"}],"version-history":[{"count":13,"href":"https:\/\/virtual.uncaus.edu.ar\/index.php\/wp-json\/wp\/v2\/pages\/48\/revisions"}],"predecessor-version":[{"id":959,"href":"https:\/\/virtual.uncaus.edu.ar\/index.php\/wp-json\/wp\/v2\/pages\/48\/revisions\/959"}],"wp:attachment":[{"href":"https:\/\/virtual.uncaus.edu.ar\/index.php\/wp-json\/wp\/v2\/media?parent=48"}],"curies":[{"name":"wp","href":"https:\/\/api.w.org\/{rel}","templated":true}]}}